{"id":2150,"date":"2023-06-13T22:24:26","date_gmt":"2023-06-13T22:24:26","guid":{"rendered":"https:\/\/corporacionlyceumeducar.ec\/Inicio\/?page_id=2150"},"modified":"2023-06-19T17:14:45","modified_gmt":"2023-06-19T17:14:45","slug":"maestrias","status":"publish","type":"page","link":"https:\/\/corporacionlyceumeducar.ec\/Inicio\/maestrias\/","title":{"rendered":"Maestr\u00edas"},"content":{"rendered":"\t\t<div data-elementor-type=\"wp-page\" data-elementor-id=\"2150\" class=\"elementor elementor-2150\">\n\t\t\t\t\t\t<section class=\"elementor-section elementor-top-section elementor-element elementor-element-638cf16b elementor-section-content-middle elementor-section-boxed elementor-section-height-default elementor-section-height-default\" data-id=\"638cf16b\" data-element_type=\"section\" data-e-type=\"section\">\n\t\t\t\t\t\t<div class=\"elementor-container elementor-column-gap-no\">\n\t\t\t\t\t<div class=\"elementor-column elementor-col-100 elementor-top-column elementor-element elementor-element-14abaae1\" data-id=\"14abaae1\" data-element_type=\"column\" data-e-type=\"column\">\n\t\t\t<div class=\"elementor-widget-wrap elementor-element-populated\">\n\t\t\t\t\t\t<div class=\"elementor-element elementor-element-2fe3caaa elementor-widget elementor-widget-heading\" data-id=\"2fe3caaa\" data-element_type=\"widget\" data-e-type=\"widget\" data-widget_type=\"heading.default\">\n\t\t\t\t<div class=\"elementor-widget-container\">\n\t\t\t\t\t<h4 class=\"elementor-heading-title elementor-size-default\">Maestr\u00edas<\/h4>\t\t\t\t<\/div>\n\t\t\t\t<\/div>\n\t\t\t\t\t<\/div>\n\t\t<\/div>\n\t\t\t\t\t<\/div>\n\t\t<\/section>\n\t\t\t\t<section class=\"elementor-section elementor-top-section elementor-element elementor-element-55058e89 elementor-section-content-middle elementor-section-boxed elementor-section-height-default elementor-section-height-default\" data-id=\"55058e89\" data-element_type=\"section\" data-e-type=\"section\">\n\t\t\t\t\t\t<div class=\"elementor-container elementor-column-gap-no\">\n\t\t\t\t\t<div class=\"elementor-column elementor-col-50 elementor-top-column elementor-element elementor-element-3c7b87c3\" data-id=\"3c7b87c3\" data-element_type=\"column\" data-e-type=\"column\">\n\t\t\t<div class=\"elementor-widget-wrap elementor-element-populated\">\n\t\t\t\t\t\t<div class=\"elementor-element elementor-element-e653eab elementor-widget elementor-widget-image\" data-id=\"e653eab\" data-element_type=\"widget\" data-e-type=\"widget\" data-widget_type=\"image.default\">\n\t\t\t\t<div class=\"elementor-widget-container\">\n\t\t\t\t\t\t\t\t\t\t\t\t\t\t\t<img decoding=\"async\" src=\"https:\/\/corporacionlyceumeducar.ec\/Inicio\/wp-content\/uploads\/2023\/06\/qr2.jpg\" title=\"\" alt=\"\" loading=\"lazy\" \/>\t\t\t\t\t\t\t\t\t\t\t\t\t\t\t<\/div>\n\t\t\t\t<\/div>\n\t\t\t\t\t<\/div>\n\t\t<\/div>\n\t\t\t\t<div class=\"elementor-column elementor-col-50 elementor-top-column elementor-element elementor-element-63a4695c\" data-id=\"63a4695c\" data-element_type=\"column\" data-e-type=\"column\">\n\t\t\t<div class=\"elementor-widget-wrap elementor-element-populated\">\n\t\t\t\t\t\t<div class=\"elementor-element elementor-element-29919eae elementor-widget elementor-widget-heading\" data-id=\"29919eae\" data-element_type=\"widget\" data-e-type=\"widget\" data-widget_type=\"heading.default\">\n\t\t\t\t<div class=\"elementor-widget-container\">\n\t\t\t\t\t<h4 class=\"elementor-heading-title elementor-size-default\"><span>Gesti\u00f3n para la Creaci\u00f3n Intelectual<\/span><\/h4>\t\t\t\t<\/div>\n\t\t\t\t<\/div>\n\t\t\t\t<div class=\"elementor-element elementor-element-20e98e05 elementor-widget elementor-widget-text-editor\" data-id=\"20e98e05\" data-element_type=\"widget\" data-e-type=\"widget\" data-widget_type=\"text-editor.default\">\n\t\t\t\t<div class=\"elementor-widget-container\">\n\t\t\t\t\t\t\t\t\t<p>It is a long established fact that a reader will be distracted by the readable content of a page when looking at its layout. The point of using Lorem Ipsum is that it has a more-or-less normal distribution of letters, as opposed to using &#8216;Content here, content here&#8217;, making it look like readable English. Many desktop<\/p>\t\t\t\t\t\t\t\t<\/div>\n\t\t\t\t<\/div>\n\t\t\t\t\t<\/div>\n\t\t<\/div>\n\t\t\t\t\t<\/div>\n\t\t<\/section>\n\t\t\t\t<section class=\"elementor-section elementor-top-section elementor-element elementor-element-bbb5c57 elementor-section-content-middle elementor-section-boxed elementor-section-height-default elementor-section-height-default\" data-id=\"bbb5c57\" data-element_type=\"section\" data-e-type=\"section\">\n\t\t\t\t\t\t<div class=\"elementor-container elementor-column-gap-no\">\n\t\t\t\t\t<div class=\"elementor-column elementor-col-50 elementor-top-column elementor-element elementor-element-8ba4e83\" data-id=\"8ba4e83\" data-element_type=\"column\" data-e-type=\"column\">\n\t\t\t<div class=\"elementor-widget-wrap elementor-element-populated\">\n\t\t\t\t\t\t<div class=\"elementor-element elementor-element-d55a56f elementor-widget elementor-widget-heading\" data-id=\"d55a56f\" data-element_type=\"widget\" data-e-type=\"widget\" data-widget_type=\"heading.default\">\n\t\t\t\t<div class=\"elementor-widget-container\">\n\t\t\t\t\t<h4 class=\"elementor-heading-title elementor-size-default\">Innovaciones Eduacativas<\/h4>\t\t\t\t<\/div>\n\t\t\t\t<\/div>\n\t\t\t\t<div class=\"elementor-element elementor-element-6822306 elementor-widget elementor-widget-text-editor\" data-id=\"6822306\" data-element_type=\"widget\" data-e-type=\"widget\" data-widget_type=\"text-editor.default\">\n\t\t\t\t<div class=\"elementor-widget-container\">\n\t\t\t\t\t\t\t\t\t<p>It is a long established fact that a reader will be distracted by the readable content of a page when looking at its layout. The point of using Lorem Ipsum is that it has a more-or-less normal distribution of letters, as opposed to using &#8216;Content here, content here&#8217;, making it look like readable English. Many desktop<\/p>\t\t\t\t\t\t\t\t<\/div>\n\t\t\t\t<\/div>\n\t\t\t\t\t<\/div>\n\t\t<\/div>\n\t\t\t\t<div class=\"elementor-column elementor-col-50 elementor-top-column elementor-element elementor-element-b568c01\" data-id=\"b568c01\" data-element_type=\"column\" data-e-type=\"column\">\n\t\t\t<div class=\"elementor-widget-wrap elementor-element-populated\">\n\t\t\t\t\t\t<div class=\"elementor-element elementor-element-2257b85 elementor-widget elementor-widget-image\" data-id=\"2257b85\" data-element_type=\"widget\" data-e-type=\"widget\" data-widget_type=\"image.default\">\n\t\t\t\t<div class=\"elementor-widget-container\">\n\t\t\t\t\t\t\t\t\t\t\t\t\t\t\t<img decoding=\"async\" src=\"https:\/\/corporacionlyceumeducar.ec\/Inicio\/wp-content\/uploads\/2023\/06\/qr2.jpg\" title=\"\" alt=\"\" loading=\"lazy\" \/>\t\t\t\t\t\t\t\t\t\t\t\t\t\t\t<\/div>\n\t\t\t\t<\/div>\n\t\t\t\t\t<\/div>\n\t\t<\/div>\n\t\t\t\t\t<\/div>\n\t\t<\/section>\n\t\t\t\t<section class=\"elementor-section elementor-top-section elementor-element elementor-element-8d46c7d elementor-section-content-middle elementor-section-boxed elementor-section-height-default elementor-section-height-default\" data-id=\"8d46c7d\" data-element_type=\"section\" data-e-type=\"section\">\n\t\t\t\t\t\t<div class=\"elementor-container elementor-column-gap-no\">\n\t\t\t\t\t<div class=\"elementor-column elementor-col-50 elementor-top-column elementor-element elementor-element-9cafe45\" data-id=\"9cafe45\" data-element_type=\"column\" data-e-type=\"column\">\n\t\t\t<div class=\"elementor-widget-wrap elementor-element-populated\">\n\t\t\t\t\t\t<div class=\"elementor-element elementor-element-a629a36 elementor-widget elementor-widget-image\" data-id=\"a629a36\" data-element_type=\"widget\" data-e-type=\"widget\" data-widget_type=\"image.default\">\n\t\t\t\t<div class=\"elementor-widget-container\">\n\t\t\t\t\t\t\t\t\t\t\t\t\t\t\t<img decoding=\"async\" src=\"https:\/\/corporacionlyceumeducar.ec\/Inicio\/wp-content\/uploads\/2023\/06\/qr2.jpg\" title=\"\" alt=\"\" loading=\"lazy\" \/>\t\t\t\t\t\t\t\t\t\t\t\t\t\t\t<\/div>\n\t\t\t\t<\/div>\n\t\t\t\t\t<\/div>\n\t\t<\/div>\n\t\t\t\t<div class=\"elementor-column elementor-col-50 elementor-top-column elementor-element elementor-element-5b2f34c\" data-id=\"5b2f34c\" data-element_type=\"column\" data-e-type=\"column\">\n\t\t\t<div class=\"elementor-widget-wrap elementor-element-populated\">\n\t\t\t\t\t\t<div class=\"elementor-element elementor-element-50ab675 elementor-widget elementor-widget-heading\" data-id=\"50ab675\" data-element_type=\"widget\" data-e-type=\"widget\" data-widget_type=\"heading.default\">\n\t\t\t\t<div class=\"elementor-widget-container\">\n\t\t\t\t\t<h4 class=\"elementor-heading-title elementor-size-default\">Pedagog\u00eda Cr\u00edtica<\/h4>\t\t\t\t<\/div>\n\t\t\t\t<\/div>\n\t\t\t\t<div class=\"elementor-element elementor-element-e03149d elementor-widget elementor-widget-text-editor\" data-id=\"e03149d\" data-element_type=\"widget\" data-e-type=\"widget\" data-widget_type=\"text-editor.default\">\n\t\t\t\t<div class=\"elementor-widget-container\">\n\t\t\t\t\t\t\t\t\t<p>It is a long established fact that a reader will be distracted by the readable content of a page when looking at its layout. The point of using Lorem Ipsum is that it has a more-or-less normal distribution of letters, as opposed to using &#8216;Content here, content here&#8217;, making it look like readable English. Many desktop<\/p>\t\t\t\t\t\t\t\t<\/div>\n\t\t\t\t<\/div>\n\t\t\t\t\t<\/div>\n\t\t<\/div>\n\t\t\t\t\t<\/div>\n\t\t<\/section>\n\t\t\t\t<\/div>\n\t\t","protected":false},"excerpt":{"rendered":"<p>Maestr\u00edas Gesti\u00f3n para la Creaci\u00f3n Intelectual It is a long established fact that a reader will be distracted by the readable content of a page when looking at its layout. The point of using Lorem Ipsum is that it has a more-or-less normal distribution of letters, as opposed to using &#8216;Content here, content here&#8217;, making [&hellip;]<\/p>\n","protected":false},"author":1,"featured_media":0,"parent":0,"menu_order":0,"comment_status":"closed","ping_status":"closed","template":"","meta":{"_sitemap_exclude":false,"_sitemap_priority":"","_sitemap_frequency":"","site-sidebar-layout":"no-sidebar","site-content-layout":"page-builder","ast-site-content-layout":"default","site-content-style":"default","site-sidebar-style":"default","ast-global-header-display":"","ast-banner-title-visibility":"","ast-main-header-display":"","ast-hfb-above-header-display":"","ast-hfb-below-header-display":"","ast-hfb-mobile-header-display":"","site-post-title":"disabled","ast-breadcrumbs-content":"","ast-featured-img":"disabled","footer-sml-layout":"","ast-disable-related-posts":"","theme-transparent-header-meta":"","adv-header-id-meta":"","stick-header-meta":"","header-above-stick-meta":"","header-main-stick-meta":"","header-below-stick-meta":"","astra-migrate-meta-layouts":"default","ast-page-background-enabled":"default","ast-page-background-meta":{"desktop":{"background-color":"var(--ast-global-color-4)","background-image":"","background-repeat":"repeat","background-position":"center center","background-size":"auto","background-attachment":"scroll","background-type":"","background-media":"","overlay-type":"","overlay-color":"","overlay-opacity":"","overlay-gradient":""},"tablet":{"background-color":"","background-image":"","background-repeat":"repeat","background-position":"center center","background-size":"auto","background-attachment":"scroll","background-type":"","background-media":"","overlay-type":"","overlay-color":"","overlay-opacity":"","overlay-gradient":""},"mobile":{"background-color":"","background-image":"","background-repeat":"repeat","background-position":"center center","background-size":"auto","background-attachment":"scroll","background-type":"","background-media":"","overlay-type":"","overlay-color":"","overlay-opacity":"","overlay-gradient":""}},"ast-content-background-meta":{"desktop":{"background-color":"var(--ast-global-color-5)","background-image":"","background-repeat":"repeat","background-position":"center center","background-size":"auto","background-attachment":"scroll","background-type":"","background-media":"","overlay-type":"","overlay-color":"","overlay-opacity":"","overlay-gradient":""},"tablet":{"background-color":"var(--ast-global-color-5)","background-image":"","background-repeat":"repeat","background-position":"center center","background-size":"auto","background-attachment":"scroll","background-type":"","background-media":"","overlay-type":"","overlay-color":"","overlay-opacity":"","overlay-gradient":""},"mobile":{"background-color":"var(--ast-global-color-5)","background-image":"","background-repeat":"repeat","background-position":"center center","background-size":"auto","background-attachment":"scroll","background-type":"","background-media":"","overlay-type":"","overlay-color":"","overlay-opacity":"","overlay-gradient":""}},"footnotes":""},"class_list":["post-2150","page","type-page","status-publish","hentry"],"yoast_head":"<!-- This site is optimized with the Yoast SEO plugin v27.5 - https:\/\/yoast.com\/product\/yoast-seo-wordpress\/ -->\n<title>Maestr\u00edas - Corporaci\u00f3n Lyceum Educar S.A.S.<\/title>\n<meta name=\"robots\" content=\"index, follow, max-snippet:-1, max-image-preview:large, max-video-preview:-1\" \/>\n<link rel=\"canonical\" href=\"https:\/\/corporacionlyceumeducar.ec\/Inicio\/maestrias\/\" \/>\n<meta property=\"og:locale\" content=\"es_ES\" \/>\n<meta property=\"og:type\" content=\"article\" \/>\n<meta property=\"og:title\" content=\"Maestr\u00edas - Corporaci\u00f3n Lyceum Educar S.A.S.\" \/>\n<meta property=\"og:description\" content=\"Maestr\u00edas Gesti\u00f3n para la Creaci\u00f3n Intelectual It is a long established fact that a reader will be distracted by the readable content of a page when looking at its layout. The point of using Lorem Ipsum is that it has a more-or-less normal distribution of letters, as opposed to using &#8216;Content here, content here&#8217;, making [&hellip;]\" \/>\n<meta property=\"og:url\" content=\"https:\/\/corporacionlyceumeducar.ec\/Inicio\/maestrias\/\" \/>\n<meta property=\"og:site_name\" content=\"Corporaci\u00f3n Lyceum Educar S.A.S.\" \/>\n<meta property=\"article:modified_time\" content=\"2023-06-19T17:14:45+00:00\" \/>\n<meta property=\"og:image\" content=\"https:\/\/corporacionlyceumeducar.ec\/Inicio\/wp-content\/uploads\/2023\/06\/qr2.jpg\" \/>\n<meta name=\"twitter:card\" content=\"summary_large_image\" \/>\n<meta name=\"twitter:label1\" content=\"Tiempo de lectura\" \/>\n\t<meta name=\"twitter:data1\" content=\"1 minuto\" \/>\n<script type=\"application\/ld+json\" class=\"yoast-schema-graph\">{\"@context\":\"https:\\\/\\\/schema.org\",\"@graph\":[{\"@type\":\"WebPage\",\"@id\":\"https:\\\/\\\/corporacionlyceumeducar.ec\\\/Inicio\\\/maestrias\\\/\",\"url\":\"https:\\\/\\\/corporacionlyceumeducar.ec\\\/Inicio\\\/maestrias\\\/\",\"name\":\"Maestr\u00edas - Corporaci\u00f3n Lyceum Educar S.A.S.\",\"isPartOf\":{\"@id\":\"https:\\\/\\\/corporacionlyceumeducar.ec\\\/Inicio\\\/#website\"},\"primaryImageOfPage\":{\"@id\":\"https:\\\/\\\/corporacionlyceumeducar.ec\\\/Inicio\\\/maestrias\\\/#primaryimage\"},\"image\":{\"@id\":\"https:\\\/\\\/corporacionlyceumeducar.ec\\\/Inicio\\\/maestrias\\\/#primaryimage\"},\"thumbnailUrl\":\"https:\\\/\\\/corporacionlyceumeducar.ec\\\/Inicio\\\/wp-content\\\/uploads\\\/2023\\\/06\\\/qr2.jpg\",\"datePublished\":\"2023-06-13T22:24:26+00:00\",\"dateModified\":\"2023-06-19T17:14:45+00:00\",\"breadcrumb\":{\"@id\":\"https:\\\/\\\/corporacionlyceumeducar.ec\\\/Inicio\\\/maestrias\\\/#breadcrumb\"},\"inLanguage\":\"es\",\"potentialAction\":[{\"@type\":\"ReadAction\",\"target\":[\"https:\\\/\\\/corporacionlyceumeducar.ec\\\/Inicio\\\/maestrias\\\/\"]}]},{\"@type\":\"ImageObject\",\"inLanguage\":\"es\",\"@id\":\"https:\\\/\\\/corporacionlyceumeducar.ec\\\/Inicio\\\/maestrias\\\/#primaryimage\",\"url\":\"\",\"contentUrl\":\"\"},{\"@type\":\"BreadcrumbList\",\"@id\":\"https:\\\/\\\/corporacionlyceumeducar.ec\\\/Inicio\\\/maestrias\\\/#breadcrumb\",\"itemListElement\":[{\"@type\":\"ListItem\",\"position\":1,\"name\":\"Portada\",\"item\":\"https:\\\/\\\/corporacionlyceumeducar.ec\\\/Inicio\\\/\"},{\"@type\":\"ListItem\",\"position\":2,\"name\":\"Maestr\u00edas\"}]},{\"@type\":\"WebSite\",\"@id\":\"https:\\\/\\\/corporacionlyceumeducar.ec\\\/Inicio\\\/#website\",\"url\":\"https:\\\/\\\/corporacionlyceumeducar.ec\\\/Inicio\\\/\",\"name\":\"Corporaci\u00f3n Lyceum Educar\",\"description\":\"Educaci\u00f3n en L\u00ednea\",\"publisher\":{\"@id\":\"https:\\\/\\\/corporacionlyceumeducar.ec\\\/Inicio\\\/#organization\"},\"alternateName\":\"Lyceum Educar\",\"potentialAction\":[{\"@type\":\"SearchAction\",\"target\":{\"@type\":\"EntryPoint\",\"urlTemplate\":\"https:\\\/\\\/corporacionlyceumeducar.ec\\\/Inicio\\\/?s={search_term_string}\"},\"query-input\":{\"@type\":\"PropertyValueSpecification\",\"valueRequired\":true,\"valueName\":\"search_term_string\"}}],\"inLanguage\":\"es\"},{\"@type\":\"Organization\",\"@id\":\"https:\\\/\\\/corporacionlyceumeducar.ec\\\/Inicio\\\/#organization\",\"name\":\"Corporaci\u00f3n Lyceumeducar S.A.S. 2022\",\"url\":\"https:\\\/\\\/corporacionlyceumeducar.ec\\\/Inicio\\\/\",\"logo\":{\"@type\":\"ImageObject\",\"inLanguage\":\"es\",\"@id\":\"https:\\\/\\\/corporacionlyceumeducar.ec\\\/Inicio\\\/#\\\/schema\\\/logo\\\/image\\\/\",\"url\":\"https:\\\/\\\/corporacionlyceumeducar.ec\\\/Inicio\\\/wp-content\\\/uploads\\\/2022\\\/03\\\/cropped-LOGO-CORPORACION-EDUCAR-1-1.jpg\",\"contentUrl\":\"https:\\\/\\\/corporacionlyceumeducar.ec\\\/Inicio\\\/wp-content\\\/uploads\\\/2022\\\/03\\\/cropped-LOGO-CORPORACION-EDUCAR-1-1.jpg\",\"width\":717,\"height\":252,\"caption\":\"Corporaci\u00f3n Lyceumeducar S.A.S. 2022\"},\"image\":{\"@id\":\"https:\\\/\\\/corporacionlyceumeducar.ec\\\/Inicio\\\/#\\\/schema\\\/logo\\\/image\\\/\"}}]}<\/script>\n<!-- \/ Yoast SEO plugin. -->","yoast_head_json":{"title":"Maestr\u00edas - Corporaci\u00f3n Lyceum Educar S.A.S.","robots":{"index":"index","follow":"follow","max-snippet":"max-snippet:-1","max-image-preview":"max-image-preview:large","max-video-preview":"max-video-preview:-1"},"canonical":"https:\/\/corporacionlyceumeducar.ec\/Inicio\/maestrias\/","og_locale":"es_ES","og_type":"article","og_title":"Maestr\u00edas - Corporaci\u00f3n Lyceum Educar S.A.S.","og_description":"Maestr\u00edas Gesti\u00f3n para la Creaci\u00f3n Intelectual It is a long established fact that a reader will be distracted by the readable content of a page when looking at its layout. The point of using Lorem Ipsum is that it has a more-or-less normal distribution of letters, as opposed to using &#8216;Content here, content here&#8217;, making [&hellip;]","og_url":"https:\/\/corporacionlyceumeducar.ec\/Inicio\/maestrias\/","og_site_name":"Corporaci\u00f3n Lyceum Educar S.A.S.","article_modified_time":"2023-06-19T17:14:45+00:00","og_image":[{"url":"https:\/\/corporacionlyceumeducar.ec\/Inicio\/wp-content\/uploads\/2023\/06\/qr2.jpg","type":"","width":"","height":""}],"twitter_card":"summary_large_image","twitter_misc":{"Tiempo de lectura":"1 minuto"},"schema":{"@context":"https:\/\/schema.org","@graph":[{"@type":"WebPage","@id":"https:\/\/corporacionlyceumeducar.ec\/Inicio\/maestrias\/","url":"https:\/\/corporacionlyceumeducar.ec\/Inicio\/maestrias\/","name":"Maestr\u00edas - Corporaci\u00f3n Lyceum Educar S.A.S.","isPartOf":{"@id":"https:\/\/corporacionlyceumeducar.ec\/Inicio\/#website"},"primaryImageOfPage":{"@id":"https:\/\/corporacionlyceumeducar.ec\/Inicio\/maestrias\/#primaryimage"},"image":{"@id":"https:\/\/corporacionlyceumeducar.ec\/Inicio\/maestrias\/#primaryimage"},"thumbnailUrl":"https:\/\/corporacionlyceumeducar.ec\/Inicio\/wp-content\/uploads\/2023\/06\/qr2.jpg","datePublished":"2023-06-13T22:24:26+00:00","dateModified":"2023-06-19T17:14:45+00:00","breadcrumb":{"@id":"https:\/\/corporacionlyceumeducar.ec\/Inicio\/maestrias\/#breadcrumb"},"inLanguage":"es","potentialAction":[{"@type":"ReadAction","target":["https:\/\/corporacionlyceumeducar.ec\/Inicio\/maestrias\/"]}]},{"@type":"ImageObject","inLanguage":"es","@id":"https:\/\/corporacionlyceumeducar.ec\/Inicio\/maestrias\/#primaryimage","url":"","contentUrl":""},{"@type":"BreadcrumbList","@id":"https:\/\/corporacionlyceumeducar.ec\/Inicio\/maestrias\/#breadcrumb","itemListElement":[{"@type":"ListItem","position":1,"name":"Portada","item":"https:\/\/corporacionlyceumeducar.ec\/Inicio\/"},{"@type":"ListItem","position":2,"name":"Maestr\u00edas"}]},{"@type":"WebSite","@id":"https:\/\/corporacionlyceumeducar.ec\/Inicio\/#website","url":"https:\/\/corporacionlyceumeducar.ec\/Inicio\/","name":"Corporaci\u00f3n Lyceum Educar","description":"Educaci\u00f3n en L\u00ednea","publisher":{"@id":"https:\/\/corporacionlyceumeducar.ec\/Inicio\/#organization"},"alternateName":"Lyceum Educar","potentialAction":[{"@type":"SearchAction","target":{"@type":"EntryPoint","urlTemplate":"https:\/\/corporacionlyceumeducar.ec\/Inicio\/?s={search_term_string}"},"query-input":{"@type":"PropertyValueSpecification","valueRequired":true,"valueName":"search_term_string"}}],"inLanguage":"es"},{"@type":"Organization","@id":"https:\/\/corporacionlyceumeducar.ec\/Inicio\/#organization","name":"Corporaci\u00f3n Lyceumeducar S.A.S. 2022","url":"https:\/\/corporacionlyceumeducar.ec\/Inicio\/","logo":{"@type":"ImageObject","inLanguage":"es","@id":"https:\/\/corporacionlyceumeducar.ec\/Inicio\/#\/schema\/logo\/image\/","url":"https:\/\/corporacionlyceumeducar.ec\/Inicio\/wp-content\/uploads\/2022\/03\/cropped-LOGO-CORPORACION-EDUCAR-1-1.jpg","contentUrl":"https:\/\/corporacionlyceumeducar.ec\/Inicio\/wp-content\/uploads\/2022\/03\/cropped-LOGO-CORPORACION-EDUCAR-1-1.jpg","width":717,"height":252,"caption":"Corporaci\u00f3n Lyceumeducar S.A.S. 2022"},"image":{"@id":"https:\/\/corporacionlyceumeducar.ec\/Inicio\/#\/schema\/logo\/image\/"}}]}},"_links":{"self":[{"href":"https:\/\/corporacionlyceumeducar.ec\/Inicio\/wp-json\/wp\/v2\/pages\/2150","targetHints":{"allow":["GET"]}}],"collection":[{"href":"https:\/\/corporacionlyceumeducar.ec\/Inicio\/wp-json\/wp\/v2\/pages"}],"about":[{"href":"https:\/\/corporacionlyceumeducar.ec\/Inicio\/wp-json\/wp\/v2\/types\/page"}],"author":[{"embeddable":true,"href":"https:\/\/corporacionlyceumeducar.ec\/Inicio\/wp-json\/wp\/v2\/users\/1"}],"replies":[{"embeddable":true,"href":"https:\/\/corporacionlyceumeducar.ec\/Inicio\/wp-json\/wp\/v2\/comments?post=2150"}],"version-history":[{"count":5,"href":"https:\/\/corporacionlyceumeducar.ec\/Inicio\/wp-json\/wp\/v2\/pages\/2150\/revisions"}],"predecessor-version":[{"id":2576,"href":"https:\/\/corporacionlyceumeducar.ec\/Inicio\/wp-json\/wp\/v2\/pages\/2150\/revisions\/2576"}],"wp:attachment":[{"href":"https:\/\/corporacionlyceumeducar.ec\/Inicio\/wp-json\/wp\/v2\/media?parent=2150"}],"curies":[{"name":"wp","href":"https:\/\/api.w.org\/{rel}","templated":true}]}}