{"id":1699,"date":"2022-05-24T17:01:45","date_gmt":"2022-05-24T17:01:45","guid":{"rendered":"https:\/\/corporacionlyceumeducar.ec\/Inicio\/?page_id=1699"},"modified":"2026-02-11T14:43:50","modified_gmt":"2026-02-11T19:43:50","slug":"contactanos","status":"publish","type":"page","link":"https:\/\/corporacionlyceumeducar.ec\/Inicio\/contactanos\/","title":{"rendered":"Cont\u00e1ctanos"},"content":{"rendered":"\t\t<div data-elementor-type=\"wp-page\" data-elementor-id=\"1699\" class=\"elementor elementor-1699\">\n\t\t\t\t\t\t<section class=\"elementor-section elementor-top-section elementor-element elementor-element-3cb5355 elementor-section-boxed elementor-section-height-default elementor-section-height-default\" data-id=\"3cb5355\" data-element_type=\"section\" data-e-type=\"section\" data-settings=\"{&quot;shape_divider_top&quot;:&quot;zigzag&quot;}\">\n\t\t\t\t\t<div class=\"elementor-shape elementor-shape-top\" aria-hidden=\"true\" data-negative=\"false\">\n\t\t\t<svg xmlns=\"http:\/\/www.w3.org\/2000\/svg\" viewBox=\"0 0 1800 5.8\" preserveAspectRatio=\"none\">\n  <path class=\"elementor-shape-fill\" d=\"M5.4.4l5.4 5.3L16.5.4l5.4 5.3L27.5.4 33 5.7 38.6.4l5.5 5.4h.1L49.9.4l5.4 5.3L60.9.4l5.5 5.3L72 .4l5.5 5.3L83.1.4l5.4 5.3L94.1.4l5.5 5.4h.2l5.6-5.4 5.5 5.3 5.6-5.3 5.4 5.3 5.6-5.3 5.5 5.3 5.6-5.3 5.5 5.4h.2l5.6-5.4 5.4 5.3L161 .4l5.4 5.3L172 .4l5.5 5.3 5.6-5.3 5.4 5.3 5.7-5.3 5.4 5.4h.2l5.6-5.4 5.5 5.3 5.6-5.3 5.5 5.3 5.6-5.3 5.4 5.3 5.6-5.3 5.5 5.4h.2l5.6-5.4 5.5 5.3L261 .4l5.4 5.3L272 .4l5.5 5.3 5.6-5.3 5.5 5.3 5.6-5.3 5.5 5.4h.1l5.7-5.4 5.4 5.3 5.6-5.3 5.5 5.3 5.6-5.3 5.4 5.3 5.7-5.3 5.4 5.4h.2l5.6-5.4 5.5 5.3L361 .4l5.5 5.3 5.6-5.3 5.4 5.3 5.6-5.3 5.5 5.3 5.6-5.3 5.5 5.4h.1l5.7-5.4 5.4 5.3 5.6-5.3 5.5 5.3 5.6-5.3 5.5 5.3 5.6-5.3 5.5 5.4h.1l5.6-5.4 5.5 5.3L461 .4l5.5 5.3 5.6-5.3 5.4 5.3 5.7-5.3 5.4 5.3 5.6-5.3 5.5 5.4h.2l5.6-5.4 5.5 5.3 5.6-5.3 5.4 5.3 5.6-5.3 5.5 5.3 5.6-5.3 5.5 5.4h.1L550 .4l5.4 5.3L561 .4l5.5 5.3 5.6-5.3 5.5 5.3 5.6-5.3 5.4 5.3 5.6-5.3 5.5 5.4h.2l5.6-5.4 5.5 5.3 5.6-5.3 5.4 5.3 5.7-5.3 5.4 5.3 5.6-5.3 5.5 5.4h.2L650 .4l5.5 5.3 5.6-5.3 5.4 5.3 5.6-5.3 5.5 5.3 5.6-5.3 5.5 5.3 5.6-5.3 5.4 5.4h.2l5.6-5.4 5.5 5.3 5.6-5.3 5.5 5.3 5.6-5.3 5.4 5.3 5.6-5.3 5.5 5.4h.2L750 .4l5.5 5.3 5.6-5.3 5.4 5.3 5.7-5.3 5.4 5.3 5.6-5.3 5.5 5.3 5.6-5.3 5.5 5.4h.1l5.7-5.4 5.4 5.3 5.6-5.3 5.5 5.3 5.6-5.3 5.5 5.3 5.6-5.3 5.4 5.4h.2L850 .4l5.5 5.3 5.6-5.3 5.5 5.3 5.6-5.3 5.4 5.3 5.6-5.3 5.5 5.3 5.6-5.3 5.5 5.4h.2l5.6-5.4 5.4 5.3 5.7-5.3 5.4 5.3 5.6-5.3 5.5 5.3 5.6-5.3 5.5 5.4h.1l5.7-5.4 5.4 5.3 5.6-5.3 5.5 5.3 5.6-5.3 5.5 5.3 5.6-5.3 5.4 5.3 5.6-5.3 5.5 5.4h.2l5.6-5.4 5.5 5.3 5.6-5.3 5.4 5.3 5.6-5.3 5.5 5.3 5.6-5.3 5.5 5.4h.2l5.6-5.4 5.4 5.3 5.7-5.3 5.4 5.3 5.6-5.3 5.5 5.3 5.6-5.3 5.5 5.3 5.6-5.3 5.4 5.4h.2l5.6-5.4 5.5 5.3 5.6-5.3 5.5 5.3 5.6-5.3 5.4 5.3 5.6-5.3 5.5 5.4h.2l5.6-5.4 5.5 5.3 5.6-5.3 5.4 5.3 5.6-5.3 5.5 5.3 5.6-5.3 5.5 5.3 5.6-5.3 5.5 5.4h.1l5.7-5.4 5.4 5.3 5.6-5.3 5.5 5.3 5.6-5.3 5.5 5.3 5.6-5.3 5.4 5.4h.2l5.6-5.4 5.5 5.3 5.6-5.3 5.5 5.3 5.6-5.3 5.4 5.3 5.6-5.3 5.5 5.3 5.6-5.3 5.5 5.4h.2l5.6-5.4 5.4 5.3 5.6-5.3 5.5 5.3 5.6-5.3 5.5 5.3 5.6-5.3 5.5 5.4h.1l5.7-5.4 5.4 5.3 5.6-5.3 5.5 5.3 5.6-5.3 5.5 5.3 5.6-5.3 5.4 5.3 5.6-5.3 5.5 5.4h.2l5.6-5.4 5.5 5.3 5.6-5.3 5.4 5.3 5.6-5.3 5.5 5.3 5.6-5.3 5.5 5.4h.2l5.6-5.4 5.4 5.3 5.6-5.3 5.5 5.3 5.6-5.3 5.5 5.3 5.6-5.3 5.4 5.3 5.7-5.3 5.4 5.4h.2l5.6-5.4 5.5 5.3 5.6-5.3 5.5 5.3 5.6-5.3 5.4 5.3 5.6-5.3 5.5 5.4h.2l5.6-5.4 5.5 5.3 5.6-5.3 5.4 5.3 5.6-5.3 5.5 5.3 5.6-5.3 5.5 5.3 5.6-5.3 5.5 5.4h.1l5.6-5.4 5.5 5.3 5.6-5.3 5.5 5.3 5.6-5.3 5.4 5.3 5.7-5.3 5.4 5.4h.2l5.6-5.4 5.5 5.3 5.6-5.3 5.5 5.3 5.6-5.3 5.4 5.3 5.6-5.3 5.5 5.3 5.6-5.3 5.5 5.4h.1l5.7-5.4 5.4 5.3 5.6-5.3 5.5 5.3 5.6-5.3 5.5 5.3 5.6-5.3 5.5 5.4h.1l5.6-5.4 5.5 5.3 5.6-5.3 5.5 5.3 5.6-5.3 5.4 5.3 5.7-5.3 5.4 5.3 5.6-5.3 5.5 5.4V0H-.2v5.8z\"\/>\n<\/svg>\n\t\t<\/div>\n\t\t\t\t\t<div class=\"elementor-container elementor-column-gap-default\">\n\t\t\t\t\t<div class=\"elementor-column elementor-col-100 elementor-top-column elementor-element elementor-element-092c547\" data-id=\"092c547\" data-element_type=\"column\" data-e-type=\"column\">\n\t\t\t<div class=\"elementor-widget-wrap elementor-element-populated\">\n\t\t\t\t\t\t<div class=\"elementor-element elementor-element-7da3389 elementor-widget elementor-widget-heading\" data-id=\"7da3389\" data-element_type=\"widget\" data-e-type=\"widget\" data-widget_type=\"heading.default\">\n\t\t\t\t<div class=\"elementor-widget-container\">\n\t\t\t\t\t<h2 class=\"elementor-heading-title elementor-size-default\">FORMULARIO DE CONTACTO<\/h2>\t\t\t\t<\/div>\n\t\t\t\t<\/div>\n\t\t\t\t<div class=\"elementor-element elementor-element-743e00b elementor-invisible elementor-widget elementor-widget-shortcode\" data-id=\"743e00b\" data-element_type=\"widget\" data-e-type=\"widget\" data-settings=\"{&quot;_animation&quot;:&quot;fadeInDown&quot;}\" data-widget_type=\"shortcode.default\">\n\t\t\t\t<div class=\"elementor-widget-container\">\n\t\t\t\t\t\t\t<div class=\"elementor-shortcode\">[contact-form-7 id=\"1691\" title=\"FORMULARIO DE CONTACTO\"]<\/div>\n\t\t\t\t\t\t<\/div>\n\t\t\t\t<\/div>\n\t\t\t\t\t<\/div>\n\t\t<\/div>\n\t\t\t\t\t<\/div>\n\t\t<\/section>\n\t\t\t\t<\/div>\n\t\t","protected":false},"excerpt":{"rendered":"<p>FORMULARIO DE CONTACTO [contact-form-7 id=\u00bb1691&#8243; title=\u00bbFORMULARIO DE CONTACTO\u00bb]<\/p>\n","protected":false},"author":1,"featured_media":0,"parent":0,"menu_order":0,"comment_status":"closed","ping_status":"closed","template":"","meta":{"_sitemap_exclude":false,"_sitemap_priority":"","_sitemap_frequency":"","site-sidebar-layout":"no-sidebar","site-content-layout":"page-builder","ast-site-content-layout":"full-width-container","site-content-style":"unboxed","site-sidebar-style":"unboxed","ast-global-header-display":"","ast-banner-title-visibility":"","ast-main-header-display":"","ast-hfb-above-header-display":"","ast-hfb-below-header-display":"","ast-hfb-mobile-header-display":"","site-post-title":"disabled","ast-breadcrumbs-content":"","ast-featured-img":"disabled","footer-sml-layout":"","ast-disable-related-posts":"","theme-transparent-header-meta":"","adv-header-id-meta":"","stick-header-meta":"","header-above-stick-meta":"","header-main-stick-meta":"","header-below-stick-meta":"","astra-migrate-meta-layouts":"set","ast-page-background-enabled":"default","ast-page-background-meta":{"desktop":{"background-color":"var(--ast-global-color-4)","background-image":"","background-repeat":"repeat","background-position":"center center","background-size":"auto","background-attachment":"scroll","background-type":"","background-media":"","overlay-type":"","overlay-color":"","overlay-opacity":"","overlay-gradient":""},"tablet":{"background-color":"","background-image":"","background-repeat":"repeat","background-position":"center center","background-size":"auto","background-attachment":"scroll","background-type":"","background-media":"","overlay-type":"","overlay-color":"","overlay-opacity":"","overlay-gradient":""},"mobile":{"background-color":"","background-image":"","background-repeat":"repeat","background-position":"center center","background-size":"auto","background-attachment":"scroll","background-type":"","background-media":"","overlay-type":"","overlay-color":"","overlay-opacity":"","overlay-gradient":""}},"ast-content-background-meta":{"desktop":{"background-color":"var(--ast-global-color-5)","background-image":"","background-repeat":"repeat","background-position":"center center","background-size":"auto","background-attachment":"scroll","background-type":"","background-media":"","overlay-type":"","overlay-color":"","overlay-opacity":"","overlay-gradient":""},"tablet":{"background-color":"var(--ast-global-color-5)","background-image":"","background-repeat":"repeat","background-position":"center center","background-size":"auto","background-attachment":"scroll","background-type":"","background-media":"","overlay-type":"","overlay-color":"","overlay-opacity":"","overlay-gradient":""},"mobile":{"background-color":"var(--ast-global-color-5)","background-image":"","background-repeat":"repeat","background-position":"center center","background-size":"auto","background-attachment":"scroll","background-type":"","background-media":"","overlay-type":"","overlay-color":"","overlay-opacity":"","overlay-gradient":""}},"footnotes":""},"class_list":["post-1699","page","type-page","status-publish","hentry"],"yoast_head":"<!-- This site is optimized with the Yoast SEO plugin v27.5 - https:\/\/yoast.com\/product\/yoast-seo-wordpress\/ -->\n<title>Cont\u00e1ctanos - Corporaci\u00f3n Lyceum Educar S.A.S.<\/title>\n<meta name=\"robots\" content=\"index, follow, max-snippet:-1, max-image-preview:large, max-video-preview:-1\" \/>\n<link rel=\"canonical\" href=\"https:\/\/corporacionlyceumeducar.ec\/Inicio\/contactanos\/\" \/>\n<meta property=\"og:locale\" content=\"es_ES\" \/>\n<meta property=\"og:type\" content=\"article\" \/>\n<meta property=\"og:title\" content=\"Cont\u00e1ctanos - Corporaci\u00f3n Lyceum Educar S.A.S.\" \/>\n<meta property=\"og:description\" content=\"FORMULARIO DE CONTACTO [contact-form-7 id=\u00bb1691&#8243; title=\u00bbFORMULARIO DE CONTACTO\u00bb]\" \/>\n<meta property=\"og:url\" content=\"https:\/\/corporacionlyceumeducar.ec\/Inicio\/contactanos\/\" \/>\n<meta property=\"og:site_name\" content=\"Corporaci\u00f3n Lyceum Educar S.A.S.\" \/>\n<meta property=\"article:modified_time\" content=\"2026-02-11T19:43:50+00:00\" \/>\n<meta name=\"twitter:card\" content=\"summary_large_image\" \/>\n<meta name=\"twitter:label1\" content=\"Tiempo de lectura\" \/>\n\t<meta name=\"twitter:data1\" content=\"1 minuto\" \/>\n<script type=\"application\/ld+json\" class=\"yoast-schema-graph\">{\"@context\":\"https:\\\/\\\/schema.org\",\"@graph\":[{\"@type\":\"WebPage\",\"@id\":\"https:\\\/\\\/corporacionlyceumeducar.ec\\\/Inicio\\\/contactanos\\\/\",\"url\":\"https:\\\/\\\/corporacionlyceumeducar.ec\\\/Inicio\\\/contactanos\\\/\",\"name\":\"Cont\u00e1ctanos - Corporaci\u00f3n Lyceum Educar S.A.S.\",\"isPartOf\":{\"@id\":\"https:\\\/\\\/corporacionlyceumeducar.ec\\\/Inicio\\\/#website\"},\"datePublished\":\"2022-05-24T17:01:45+00:00\",\"dateModified\":\"2026-02-11T19:43:50+00:00\",\"breadcrumb\":{\"@id\":\"https:\\\/\\\/corporacionlyceumeducar.ec\\\/Inicio\\\/contactanos\\\/#breadcrumb\"},\"inLanguage\":\"es\",\"potentialAction\":[{\"@type\":\"ReadAction\",\"target\":[\"https:\\\/\\\/corporacionlyceumeducar.ec\\\/Inicio\\\/contactanos\\\/\"]}]},{\"@type\":\"BreadcrumbList\",\"@id\":\"https:\\\/\\\/corporacionlyceumeducar.ec\\\/Inicio\\\/contactanos\\\/#breadcrumb\",\"itemListElement\":[{\"@type\":\"ListItem\",\"position\":1,\"name\":\"Portada\",\"item\":\"https:\\\/\\\/corporacionlyceumeducar.ec\\\/Inicio\\\/\"},{\"@type\":\"ListItem\",\"position\":2,\"name\":\"Cont\u00e1ctanos\"}]},{\"@type\":\"WebSite\",\"@id\":\"https:\\\/\\\/corporacionlyceumeducar.ec\\\/Inicio\\\/#website\",\"url\":\"https:\\\/\\\/corporacionlyceumeducar.ec\\\/Inicio\\\/\",\"name\":\"Corporaci\u00f3n Lyceum Educar\",\"description\":\"Educaci\u00f3n en L\u00ednea\",\"publisher\":{\"@id\":\"https:\\\/\\\/corporacionlyceumeducar.ec\\\/Inicio\\\/#organization\"},\"alternateName\":\"Lyceum Educar\",\"potentialAction\":[{\"@type\":\"SearchAction\",\"target\":{\"@type\":\"EntryPoint\",\"urlTemplate\":\"https:\\\/\\\/corporacionlyceumeducar.ec\\\/Inicio\\\/?s={search_term_string}\"},\"query-input\":{\"@type\":\"PropertyValueSpecification\",\"valueRequired\":true,\"valueName\":\"search_term_string\"}}],\"inLanguage\":\"es\"},{\"@type\":\"Organization\",\"@id\":\"https:\\\/\\\/corporacionlyceumeducar.ec\\\/Inicio\\\/#organization\",\"name\":\"Corporaci\u00f3n Lyceumeducar S.A.S. 2022\",\"url\":\"https:\\\/\\\/corporacionlyceumeducar.ec\\\/Inicio\\\/\",\"logo\":{\"@type\":\"ImageObject\",\"inLanguage\":\"es\",\"@id\":\"https:\\\/\\\/corporacionlyceumeducar.ec\\\/Inicio\\\/#\\\/schema\\\/logo\\\/image\\\/\",\"url\":\"https:\\\/\\\/corporacionlyceumeducar.ec\\\/Inicio\\\/wp-content\\\/uploads\\\/2022\\\/03\\\/cropped-LOGO-CORPORACION-EDUCAR-1-1.jpg\",\"contentUrl\":\"https:\\\/\\\/corporacionlyceumeducar.ec\\\/Inicio\\\/wp-content\\\/uploads\\\/2022\\\/03\\\/cropped-LOGO-CORPORACION-EDUCAR-1-1.jpg\",\"width\":717,\"height\":252,\"caption\":\"Corporaci\u00f3n Lyceumeducar S.A.S. 2022\"},\"image\":{\"@id\":\"https:\\\/\\\/corporacionlyceumeducar.ec\\\/Inicio\\\/#\\\/schema\\\/logo\\\/image\\\/\"}}]}<\/script>\n<!-- \/ Yoast SEO plugin. -->","yoast_head_json":{"title":"Cont\u00e1ctanos - Corporaci\u00f3n Lyceum Educar S.A.S.","robots":{"index":"index","follow":"follow","max-snippet":"max-snippet:-1","max-image-preview":"max-image-preview:large","max-video-preview":"max-video-preview:-1"},"canonical":"https:\/\/corporacionlyceumeducar.ec\/Inicio\/contactanos\/","og_locale":"es_ES","og_type":"article","og_title":"Cont\u00e1ctanos - Corporaci\u00f3n Lyceum Educar S.A.S.","og_description":"FORMULARIO DE CONTACTO [contact-form-7 id=\u00bb1691&#8243; title=\u00bbFORMULARIO DE CONTACTO\u00bb]","og_url":"https:\/\/corporacionlyceumeducar.ec\/Inicio\/contactanos\/","og_site_name":"Corporaci\u00f3n Lyceum Educar S.A.S.","article_modified_time":"2026-02-11T19:43:50+00:00","twitter_card":"summary_large_image","twitter_misc":{"Tiempo de lectura":"1 minuto"},"schema":{"@context":"https:\/\/schema.org","@graph":[{"@type":"WebPage","@id":"https:\/\/corporacionlyceumeducar.ec\/Inicio\/contactanos\/","url":"https:\/\/corporacionlyceumeducar.ec\/Inicio\/contactanos\/","name":"Cont\u00e1ctanos - Corporaci\u00f3n Lyceum Educar S.A.S.","isPartOf":{"@id":"https:\/\/corporacionlyceumeducar.ec\/Inicio\/#website"},"datePublished":"2022-05-24T17:01:45+00:00","dateModified":"2026-02-11T19:43:50+00:00","breadcrumb":{"@id":"https:\/\/corporacionlyceumeducar.ec\/Inicio\/contactanos\/#breadcrumb"},"inLanguage":"es","potentialAction":[{"@type":"ReadAction","target":["https:\/\/corporacionlyceumeducar.ec\/Inicio\/contactanos\/"]}]},{"@type":"BreadcrumbList","@id":"https:\/\/corporacionlyceumeducar.ec\/Inicio\/contactanos\/#breadcrumb","itemListElement":[{"@type":"ListItem","position":1,"name":"Portada","item":"https:\/\/corporacionlyceumeducar.ec\/Inicio\/"},{"@type":"ListItem","position":2,"name":"Cont\u00e1ctanos"}]},{"@type":"WebSite","@id":"https:\/\/corporacionlyceumeducar.ec\/Inicio\/#website","url":"https:\/\/corporacionlyceumeducar.ec\/Inicio\/","name":"Corporaci\u00f3n Lyceum Educar","description":"Educaci\u00f3n en L\u00ednea","publisher":{"@id":"https:\/\/corporacionlyceumeducar.ec\/Inicio\/#organization"},"alternateName":"Lyceum Educar","potentialAction":[{"@type":"SearchAction","target":{"@type":"EntryPoint","urlTemplate":"https:\/\/corporacionlyceumeducar.ec\/Inicio\/?s={search_term_string}"},"query-input":{"@type":"PropertyValueSpecification","valueRequired":true,"valueName":"search_term_string"}}],"inLanguage":"es"},{"@type":"Organization","@id":"https:\/\/corporacionlyceumeducar.ec\/Inicio\/#organization","name":"Corporaci\u00f3n Lyceumeducar S.A.S. 2022","url":"https:\/\/corporacionlyceumeducar.ec\/Inicio\/","logo":{"@type":"ImageObject","inLanguage":"es","@id":"https:\/\/corporacionlyceumeducar.ec\/Inicio\/#\/schema\/logo\/image\/","url":"https:\/\/corporacionlyceumeducar.ec\/Inicio\/wp-content\/uploads\/2022\/03\/cropped-LOGO-CORPORACION-EDUCAR-1-1.jpg","contentUrl":"https:\/\/corporacionlyceumeducar.ec\/Inicio\/wp-content\/uploads\/2022\/03\/cropped-LOGO-CORPORACION-EDUCAR-1-1.jpg","width":717,"height":252,"caption":"Corporaci\u00f3n Lyceumeducar S.A.S. 2022"},"image":{"@id":"https:\/\/corporacionlyceumeducar.ec\/Inicio\/#\/schema\/logo\/image\/"}}]}},"_links":{"self":[{"href":"https:\/\/corporacionlyceumeducar.ec\/Inicio\/wp-json\/wp\/v2\/pages\/1699","targetHints":{"allow":["GET"]}}],"collection":[{"href":"https:\/\/corporacionlyceumeducar.ec\/Inicio\/wp-json\/wp\/v2\/pages"}],"about":[{"href":"https:\/\/corporacionlyceumeducar.ec\/Inicio\/wp-json\/wp\/v2\/types\/page"}],"author":[{"embeddable":true,"href":"https:\/\/corporacionlyceumeducar.ec\/Inicio\/wp-json\/wp\/v2\/users\/1"}],"replies":[{"embeddable":true,"href":"https:\/\/corporacionlyceumeducar.ec\/Inicio\/wp-json\/wp\/v2\/comments?post=1699"}],"version-history":[{"count":33,"href":"https:\/\/corporacionlyceumeducar.ec\/Inicio\/wp-json\/wp\/v2\/pages\/1699\/revisions"}],"predecessor-version":[{"id":2603,"href":"https:\/\/corporacionlyceumeducar.ec\/Inicio\/wp-json\/wp\/v2\/pages\/1699\/revisions\/2603"}],"wp:attachment":[{"href":"https:\/\/corporacionlyceumeducar.ec\/Inicio\/wp-json\/wp\/v2\/media?parent=1699"}],"curies":[{"name":"wp","href":"https:\/\/api.w.org\/{rel}","templated":true}]}}